{"id":6269,"date":"2019-04-02T15:01:20","date_gmt":"2019-04-02T13:01:20","guid":{"rendered":"https:\/\/ralcotechnic.com\/?post_type=product&#038;p=6269"},"modified":"2019-04-18T16:39:30","modified_gmt":"2019-04-18T14:39:30","slug":"jednostka-skraplajaca-rmc-uc-4h-15y-mzgs-ac50","status":"publish","type":"product","link":"https:\/\/ralcotechnic.com\/de\/urzadzenia-chlodnicze\/agregaty-chlodnicze\/jednostka-skraplajaca-rmc-uc-4h-15y-mzgs-ac50\/","title":{"rendered":"Jednostka skraplaj\u0105ca RMC UC-4H-15Y-MZGS -AC50"},"content":{"rendered":"[vc_row type=&#8221;in_container&#8221; full_screen_row_position=&#8221;middle&#8221; scene_position=&#8221;center&#8221; text_color=&#8221;dark&#8221; text_align=&#8221;left&#8221; overlay_strength=&#8221;0.3&#8243; shape_divider_position=&#8221;bottom&#8221; bg_image_animation=&#8221;none&#8221;][vc_column column_padding=&#8221;no-extra-padding&#8221; column_padding_position=&#8221;all&#8221; background_color_opacity=&#8221;1&#8243; background_hover_color_opacity=&#8221;1&#8243; column_link_target=&#8221;_self&#8221; column_shadow=&#8221;none&#8221; column_border_radius=&#8221;none&#8221; width=&#8221;1\/1&#8243; tablet_width_inherit=&#8221;default&#8221; tablet_text_alignment=&#8221;default&#8221; phone_text_alignment=&#8221;default&#8221; column_border_width=&#8221;none&#8221; column_border_style=&#8221;solid&#8221; bg_image_animation=&#8221;none&#8221;][vc_column_text]\n<ul>\n<li>spr\u0119\u017carka BITZER;<\/li>\n<li>odbiornik freonu;<\/li>\n<li>skraplacz, powietrzny wymiennik ciep\u0142a;<\/li>\n<li>przeka\u017aniki zabezpieczaj\u0105ce wysokiego i niskiego ci\u015bnienia;<\/li>\n<li>regulacja ci\u015bnienia przez kondensacj\u0119.<\/li>\n<\/ul>\n[\/vc_column_text][\/vc_column][\/vc_row]\n","protected":false},"excerpt":{"rendered":"<p>[vc_row type=&#8221;in_container&#8221; full_screen_row_position=&#8221;middle&#8221; scene_position=&#8221;center&#8221; text_color=&#8221;dark&#8221; text_align=&#8221;left&#8221; overlay_strength=&#8221;0.3&#8243; shape_divider_position=&#8221;bottom&#8221; bg_image_animation=&#8221;none&#8221;][vc_column column_padding=&#8221;no-extra-padding&#8221; column_padding_position=&#8221;all&#8221; background_color_opacity=&#8221;1&#8243; background_hover_color_opacity=&#8221;1&#8243; column_link_target=&#8221;_self&#8221; column_shadow=&#8221;none&#8221; column_border_radius=&#8221;none&#8221; width=&#8221;1\/1&#8243; tablet_width_inherit=&#8221;default&#8221; tablet_text_alignment=&#8221;default&#8221; phone_text_alignment=&#8221;default&#8221; column_border_width=&#8221;none&#8221; column_border_style=&#8221;solid&#8221; bg_image_animation=&#8221;none&#8221;][vc_column_text] spr\u0119\u017carka BITZER;&#8230;<\/p>\n","protected":false},"featured_media":6270,"template":"","meta":[],"product_cat":[38],"product_tag":[],"translation":{"provider":"WPGlobus","version":"2.12.2","language":"de","enabled_languages":["pl","de"],"languages":{"pl":{"title":true,"content":true,"excerpt":false},"de":{"title":false,"content":false,"excerpt":false}}},"acf":[],"yoast_head":"<!-- This site is optimized with the Yoast SEO Premium plugin v21.7 (Yoast SEO v21.7) - https:\/\/yoast.com\/wordpress\/plugins\/seo\/ -->\n<title>Jednostka skraplaj\u0105ca RMC UC-4H-15Y-MZGS -AC50 - Ralco Technic GmbH<\/title>\n<meta name=\"robots\" content=\"noindex, follow, max-snippet:-1, max-image-preview:large, max-video-preview:-1\" \/>\n<meta property=\"og:locale\" content=\"de_DE\" \/>\n<meta property=\"og:type\" content=\"article\" \/>\n<meta property=\"og:title\" content=\"Jednostka skraplaj\u0105ca RMC UC-4H-15Y-MZGS -AC50 - Ralco Technic GmbH\" \/>\n<meta property=\"og:url\" content=\"https:\/\/ralcotechnic.com\/urzadzenia-chlodnicze\/agregaty-chlodnicze\/jednostka-skraplajaca-rmc-uc-4h-15y-mzgs-ac50\/\" \/>\n<meta property=\"og:site_name\" content=\"Ralco Technic GmbH\" \/>\n<meta property=\"article:publisher\" content=\"https:\/\/www.facebook.com\/ralcopl\/\" \/>\n<meta property=\"article:modified_time\" content=\"2019-04-18T14:39:30+00:00\" \/>\n<meta property=\"og:image\" content=\"https:\/\/ralcotechnic.com\/wp-content\/uploads\/2019\/04\/kompressorno-kondensatornyj-agregat-rmc-uc-4h-15y-mzgs-ac50.jpg\" \/>\n\t<meta property=\"og:image:width\" content=\"1700\" \/>\n\t<meta property=\"og:image:height\" content=\"1133\" \/>\n\t<meta property=\"og:image:type\" content=\"image\/jpeg\" \/>\n<meta name=\"twitter:card\" content=\"summary_large_image\" \/>\n<meta name=\"twitter:label1\" content=\"Est. reading time\" \/>\n\t<meta name=\"twitter:data1\" content=\"1 minute\" \/>\n<script type=\"application\/ld+json\" class=\"yoast-schema-graph\">{\"@context\":\"https:\/\/schema.org\",\"@graph\":[{\"@type\":\"WebPage\",\"@id\":\"https:\/\/ralcotechnic.com\/urzadzenia-chlodnicze\/agregaty-chlodnicze\/jednostka-skraplajaca-rmc-uc-4h-15y-mzgs-ac50\/\",\"url\":\"https:\/\/ralcotechnic.com\/urzadzenia-chlodnicze\/agregaty-chlodnicze\/jednostka-skraplajaca-rmc-uc-4h-15y-mzgs-ac50\/\",\"name\":\"Jednostka skraplaj\u0105ca RMC UC-4H-15Y-MZGS -AC50 - Ralco Technic GmbH\",\"isPartOf\":{\"@id\":\"https:\/\/ralcotechnic.com\/#website\"},\"datePublished\":\"2019-04-02T13:01:20+00:00\",\"dateModified\":\"2019-04-18T14:39:30+00:00\",\"breadcrumb\":{\"@id\":\"https:\/\/ralcotechnic.com\/urzadzenia-chlodnicze\/agregaty-chlodnicze\/jednostka-skraplajaca-rmc-uc-4h-15y-mzgs-ac50\/#breadcrumb\"},\"inLanguage\":\"de-DE\",\"potentialAction\":[{\"@type\":\"ReadAction\",\"target\":[\"https:\/\/ralcotechnic.com\/urzadzenia-chlodnicze\/agregaty-chlodnicze\/jednostka-skraplajaca-rmc-uc-4h-15y-mzgs-ac50\/\"]}]},{\"@type\":\"BreadcrumbList\",\"@id\":\"https:\/\/ralcotechnic.com\/urzadzenia-chlodnicze\/agregaty-chlodnicze\/jednostka-skraplajaca-rmc-uc-4h-15y-mzgs-ac50\/#breadcrumb\",\"itemListElement\":[{\"@type\":\"ListItem\",\"position\":1,\"name\":\"Start\",\"item\":\"https:\/\/ralcotechnic.com\/\"},{\"@type\":\"ListItem\",\"position\":2,\"name\":\"Urz\u0105dzenia ch\u0142odnicze\",\"item\":\"https:\/\/ralcotechnic.com\/urzadzenia-chlodnicze\/\"},{\"@type\":\"ListItem\",\"position\":3,\"name\":\"Jednostka skraplaj\u0105ca RMC UC-4H-15Y-MZGS -AC50\"}]},{\"@type\":\"WebSite\",\"@id\":\"https:\/\/ralcotechnic.com\/#website\",\"url\":\"https:\/\/ralcotechnic.com\/\",\"name\":\"Ralco Technic GmbH\",\"description\":\"K\u00e4ltetechnik\",\"publisher\":{\"@id\":\"https:\/\/ralcotechnic.com\/#organization\"},\"potentialAction\":[{\"@type\":\"SearchAction\",\"target\":{\"@type\":\"EntryPoint\",\"urlTemplate\":\"https:\/\/ralcotechnic.com\/?s={search_term_string}\"},\"query-input\":\"required name=search_term_string\"}],\"inLanguage\":\"de-DE\"},{\"@type\":\"Organization\",\"@id\":\"https:\/\/ralcotechnic.com\/#organization\",\"name\":\"RALCO TECHNIC\",\"url\":\"https:\/\/ralcotechnic.com\/\",\"logo\":{\"@type\":\"ImageObject\",\"inLanguage\":\"de-DE\",\"@id\":\"https:\/\/ralcotechnic.com\/#\/schema\/logo\/image\/\",\"url\":\"https:\/\/ralcotechnic.com\/wp-content\/uploads\/2021\/11\/logo_ralco2021-100h.png\",\"contentUrl\":\"https:\/\/ralcotechnic.com\/wp-content\/uploads\/2021\/11\/logo_ralco2021-100h.png\",\"width\":250,\"height\":100,\"caption\":\"RALCO TECHNIC\"},\"image\":{\"@id\":\"https:\/\/ralcotechnic.com\/#\/schema\/logo\/image\/\"},\"sameAs\":[\"https:\/\/www.facebook.com\/ralcopl\/\"]}]}<\/script>\n<!-- \/ Yoast SEO Premium plugin. -->","yoast_head_json":{"title":"Jednostka skraplaj\u0105ca RMC UC-4H-15Y-MZGS -AC50 - Ralco Technic GmbH","robots":{"index":"noindex","follow":"follow","max-snippet":"max-snippet:-1","max-image-preview":"max-image-preview:large","max-video-preview":"max-video-preview:-1"},"og_locale":"de_DE","og_type":"article","og_title":"Jednostka skraplaj\u0105ca RMC UC-4H-15Y-MZGS -AC50 - Ralco Technic GmbH","og_url":"https:\/\/ralcotechnic.com\/urzadzenia-chlodnicze\/agregaty-chlodnicze\/jednostka-skraplajaca-rmc-uc-4h-15y-mzgs-ac50\/","og_site_name":"Ralco Technic GmbH","article_publisher":"https:\/\/www.facebook.com\/ralcopl\/","article_modified_time":"2019-04-18T14:39:30+00:00","og_image":[{"width":1700,"height":1133,"url":"https:\/\/ralcotechnic.com\/wp-content\/uploads\/2019\/04\/kompressorno-kondensatornyj-agregat-rmc-uc-4h-15y-mzgs-ac50.jpg","type":"image\/jpeg"}],"twitter_card":"summary_large_image","twitter_misc":{"Est. reading time":"1 minute"},"schema":{"@context":"https:\/\/schema.org","@graph":[{"@type":"WebPage","@id":"https:\/\/ralcotechnic.com\/urzadzenia-chlodnicze\/agregaty-chlodnicze\/jednostka-skraplajaca-rmc-uc-4h-15y-mzgs-ac50\/","url":"https:\/\/ralcotechnic.com\/urzadzenia-chlodnicze\/agregaty-chlodnicze\/jednostka-skraplajaca-rmc-uc-4h-15y-mzgs-ac50\/","name":"Jednostka skraplaj\u0105ca RMC UC-4H-15Y-MZGS -AC50 - Ralco Technic GmbH","isPartOf":{"@id":"https:\/\/ralcotechnic.com\/#website"},"datePublished":"2019-04-02T13:01:20+00:00","dateModified":"2019-04-18T14:39:30+00:00","breadcrumb":{"@id":"https:\/\/ralcotechnic.com\/urzadzenia-chlodnicze\/agregaty-chlodnicze\/jednostka-skraplajaca-rmc-uc-4h-15y-mzgs-ac50\/#breadcrumb"},"inLanguage":"de-DE","potentialAction":[{"@type":"ReadAction","target":["https:\/\/ralcotechnic.com\/urzadzenia-chlodnicze\/agregaty-chlodnicze\/jednostka-skraplajaca-rmc-uc-4h-15y-mzgs-ac50\/"]}]},{"@type":"BreadcrumbList","@id":"https:\/\/ralcotechnic.com\/urzadzenia-chlodnicze\/agregaty-chlodnicze\/jednostka-skraplajaca-rmc-uc-4h-15y-mzgs-ac50\/#breadcrumb","itemListElement":[{"@type":"ListItem","position":1,"name":"Start","item":"https:\/\/ralcotechnic.com\/"},{"@type":"ListItem","position":2,"name":"Urz\u0105dzenia ch\u0142odnicze","item":"https:\/\/ralcotechnic.com\/urzadzenia-chlodnicze\/"},{"@type":"ListItem","position":3,"name":"Jednostka skraplaj\u0105ca RMC UC-4H-15Y-MZGS -AC50"}]},{"@type":"WebSite","@id":"https:\/\/ralcotechnic.com\/#website","url":"https:\/\/ralcotechnic.com\/","name":"Ralco Technic GmbH","description":"K\u00e4ltetechnik","publisher":{"@id":"https:\/\/ralcotechnic.com\/#organization"},"potentialAction":[{"@type":"SearchAction","target":{"@type":"EntryPoint","urlTemplate":"https:\/\/ralcotechnic.com\/?s={search_term_string}"},"query-input":"required name=search_term_string"}],"inLanguage":"de-DE"},{"@type":"Organization","@id":"https:\/\/ralcotechnic.com\/#organization","name":"RALCO TECHNIC","url":"https:\/\/ralcotechnic.com\/","logo":{"@type":"ImageObject","inLanguage":"de-DE","@id":"https:\/\/ralcotechnic.com\/#\/schema\/logo\/image\/","url":"https:\/\/ralcotechnic.com\/wp-content\/uploads\/2021\/11\/logo_ralco2021-100h.png","contentUrl":"https:\/\/ralcotechnic.com\/wp-content\/uploads\/2021\/11\/logo_ralco2021-100h.png","width":250,"height":100,"caption":"RALCO TECHNIC"},"image":{"@id":"https:\/\/ralcotechnic.com\/#\/schema\/logo\/image\/"},"sameAs":["https:\/\/www.facebook.com\/ralcopl\/"]}]}},"_links":{"self":[{"href":"https:\/\/ralcotechnic.com\/de\/wp-json\/wp\/v2\/product\/6269"}],"collection":[{"href":"https:\/\/ralcotechnic.com\/de\/wp-json\/wp\/v2\/product"}],"about":[{"href":"https:\/\/ralcotechnic.com\/de\/wp-json\/wp\/v2\/types\/product"}],"wp:featuredmedia":[{"embeddable":true,"href":"https:\/\/ralcotechnic.com\/de\/wp-json\/wp\/v2\/media\/6270"}],"wp:attachment":[{"href":"https:\/\/ralcotechnic.com\/de\/wp-json\/wp\/v2\/media?parent=6269"}],"wp:term":[{"taxonomy":"product_cat","embeddable":true,"href":"https:\/\/ralcotechnic.com\/de\/wp-json\/wp\/v2\/product_cat?post=6269"},{"taxonomy":"product_tag","embeddable":true,"href":"https:\/\/ralcotechnic.com\/de\/wp-json\/wp\/v2\/product_tag?post=6269"}],"curies":[{"name":"wp","href":"https:\/\/api.w.org\/{rel}","templated":true}]}}