{"id":5631,"date":"2017-09-03T00:55:47","date_gmt":"2017-09-03T00:55:47","guid":{"rendered":"http:\/\/themenectar.com\/demo\/salient-business-2\/?page_id=5631"},"modified":"2023-07-06T16:43:17","modified_gmt":"2023-07-06T14:43:17","slug":"kontakt","status":"publish","type":"page","link":"https:\/\/ralcotechnic.com\/de\/kontakt\/","title":{"rendered":"Kontakt"},"content":{"rendered":"[vc_row type=&#8221;full_width_background&#8221; full_screen_row_position=&#8221;middle&#8221; column_margin=&#8221;default&#8221; column_direction=&#8221;default&#8221; column_direction_tablet=&#8221;default&#8221; column_direction_phone=&#8221;default&#8221; scene_position=&#8221;center&#8221; top_padding=&#8221;5%&#8221; bottom_padding=&#8221;14%&#8221; text_color=&#8221;dark&#8221; text_align=&#8221;left&#8221; row_border_radius=&#8221;none&#8221; row_border_radius_applies=&#8221;bg&#8221; overlay_strength=&#8221;0.3&#8243; gradient_direction=&#8221;left_to_right&#8221; shape_divider_position=&#8221;bottom&#8221; bg_image_animation=&#8221;none&#8221; shape_type=&#8221;&#8221;][vc_column column_padding=&#8221;padding-2-percent&#8221; column_padding_tablet=&#8221;inherit&#8221; column_padding_phone=&#8221;inherit&#8221; column_padding_position=&#8221;right&#8221; background_color_opacity=&#8221;1&#8243; background_hover_color_opacity=&#8221;1&#8243; column_shadow=&#8221;none&#8221; column_border_radius=&#8221;none&#8221; column_link_target=&#8221;_self&#8221; gradient_direction=&#8221;left_to_right&#8221; overlay_strength=&#8221;0.3&#8243; width=&#8221;7\/12&#8243; tablet_width_inherit=&#8221;default&#8221; tablet_text_alignment=&#8221;default&#8221; phone_text_alignment=&#8221;default&#8221; column_border_width=&#8221;none&#8221; column_border_style=&#8221;solid&#8221; bg_image_animation=&#8221;none&#8221;][vc_column_text css=&#8221;.vc_custom_1603368031457{margin-bottom: 30px !important;}&#8221;]\n<h2>Wir beantworten alle Ihre Fragen<\/h2>\n[\/vc_column_text][vc_custom_heading text=&#8221;Rufen Sie uns direkt an&#8221; font_container=&#8221;tag:p|text_align:left|color:rgba(0%2C0%2C0%2C0.5)&#8221; use_theme_fonts=&#8221;yes&#8221; css=&#8221;.vc_custom_1603368230290{margin-bottom: -20px !important;}&#8221;][vc_column_text]\n<h4>Hauptsitz: <a href=\"tel:+4921141872877\">+4921141872877<\/a><\/h4>\n[\/vc_column_text][vc_custom_heading text=&#8221;Email&#8221; font_container=&#8221;tag:p|text_align:left|color:rgba(0%2C0%2C0%2C0.5)&#8221; use_theme_fonts=&#8221;yes&#8221; css=&#8221;.vc_custom_1603368304035{margin-bottom: -20px !important;}&#8221;][vc_column_text]\n<h4><a href=\"mailto:info@ralcotechnic.de\">info@ralcotechnic.de<\/a><\/h4>\n[\/vc_column_text][vc_custom_heading text=&#8221;Hauptsitz:&#8221; font_container=&#8221;tag:p|text_align:left|color:rgba(0%2C0%2C0%2C0.5)&#8221; use_theme_fonts=&#8221;yes&#8221; css=&#8221;.vc_custom_1603368384432{margin-bottom: -20px !important;}&#8221;][vc_column_text]\n<h4>Moosacher Stra\u00dfe 82a, 80809 M\u00fcnchen, Deutschland<\/h4>\n[\/vc_column_text][nectar_gmap map_type=&#8221;leaflet&#8221; zoom=&#8221;14&#8243; marker_style=&#8221;nectar&#8221; color=&#8221;accent-color&#8221; size=&#8221;450&#8243; map_markers=&#8221;48.2801|11.5670|Tu jeste\u015bmy&#8221; map_center_lat=&#8221;48.2801&#8243; map_center_lng=&#8221;11.5670&#8243;][\/vc_column][vc_column column_padding=&#8221;padding-4-percent&#8221; column_padding_tablet=&#8221;inherit&#8221; column_padding_phone=&#8221;inherit&#8221; column_padding_position=&#8221;all&#8221; bottom_margin=&#8221;30&#8243; background_color_opacity=&#8221;1&#8243; background_hover_color_opacity=&#8221;1&#8243; column_shadow=&#8221;none&#8221; column_border_radius=&#8221;none&#8221; column_link_target=&#8221;_self&#8221; gradient_direction=&#8221;left_to_right&#8221; overlay_strength=&#8221;0.3&#8243; width=&#8221;5\/12&#8243; tablet_width_inherit=&#8221;default&#8221; tablet_text_alignment=&#8221;default&#8221; phone_text_alignment=&#8221;default&#8221; column_border_width=&#8221;none&#8221; column_border_style=&#8221;solid&#8221; bg_image_animation=&#8221;none&#8221;][vc_column_text]\n<div class=\"wpcf7 no-js\" id=\"wpcf7-f6965-o1\" lang=\"pl-PL\" dir=\"ltr\">\n<div class=\"screen-reader-response\"><p role=\"status\" aria-live=\"polite\" aria-atomic=\"true\"><\/p> <ul><\/ul><\/div>\n<form action=\"\/de\/wp-json\/wp\/v2\/pages\/5631#wpcf7-f6965-o1\" method=\"post\" class=\"wpcf7-form init\" aria-label=\"Contact form\" novalidate=\"novalidate\" data-status=\"init\">\n<div style=\"display: none;\">\n<input type=\"hidden\" name=\"_wpcf7\" value=\"6965\" \/>\n<input type=\"hidden\" name=\"_wpcf7_version\" value=\"5.8.4\" \/>\n<input type=\"hidden\" name=\"_wpcf7_locale\" value=\"pl_PL\" \/>\n<input type=\"hidden\" name=\"_wpcf7_unit_tag\" value=\"wpcf7-f6965-o1\" \/>\n<input type=\"hidden\" name=\"_wpcf7_container_post\" value=\"0\" \/>\n<input type=\"hidden\" name=\"_wpcf7_posted_data_hash\" value=\"\" \/>\n<\/div>\n<p><label> Vor- und Nachname (erforderlich)<br \/>\n<span class=\"wpcf7-form-control-wrap\" data-name=\"your-name\"><input size=\"40\" class=\"wpcf7-form-control wpcf7-text wpcf7-validates-as-required\" aria-required=\"true\" aria-invalid=\"false\" value=\"\" type=\"text\" name=\"your-name\" \/><\/span> <\/label>\n<\/p>\n<p><label> Email (erforderlich)<br \/>\n<span class=\"wpcf7-form-control-wrap\" data-name=\"your-email\"><input size=\"40\" class=\"wpcf7-form-control wpcf7-email wpcf7-validates-as-required wpcf7-text wpcf7-validates-as-email\" aria-required=\"true\" aria-invalid=\"false\" value=\"\" type=\"email\" name=\"your-email\" \/><\/span> <\/label>\n<\/p>\n<p><label> Telefonnummer (erforderlich)<br \/>\n<span class=\"wpcf7-form-control-wrap\" data-name=\"Nr\"><input size=\"40\" class=\"wpcf7-form-control wpcf7-tel wpcf7-validates-as-required wpcf7-text wpcf7-validates-as-tel\" aria-required=\"true\" aria-invalid=\"false\" value=\"\" type=\"tel\" name=\"Nr\" \/><\/span> <\/label>\n<\/p>\n<p><label> Nachricht<br \/>\n<span class=\"wpcf7-form-control-wrap\" data-name=\"your-message\"><textarea cols=\"40\" rows=\"10\" class=\"wpcf7-form-control wpcf7-textarea\" aria-invalid=\"false\" name=\"your-message\"><\/textarea><\/span> <\/label>\n<\/p>\n<p><span class=\"wpcf7-form-control-wrap\" data-name=\"hcap-cf7\">\t\t<input\n\t\t\t\ttype=\"hidden\"\n\t\t\t\tclass=\"hcaptcha-widget-id\"\n\t\t\t\tname=\"hcaptcha-widget-id\"\n\t\t\t\tvalue=\"eyJzb3VyY2UiOlsiY29udGFjdC1mb3JtLTdcL3dwLWNvbnRhY3QtZm9ybS03LnBocCJdLCJmb3JtX2lkIjo2OTY1fQ==-c90d14544490ac11deeb6eb9c39e7c89\">\n\t\t\t\t<span id=\"hcap_cf7-69e60ff17ac339.32096582\" class=\"wpcf7-form-control h-captcha \"\n\t\t\tdata-sitekey=\"2690748c-d426-40c4-9b84-d55e0e88cbf8\"\n\t\t\tdata-theme=\"light\"\n\t\t\tdata-size=\"normal\"\n\t\t\tdata-auto=\"false\"\n\t\t\tdata-ajax=\"false\"\n\t\t\tdata-force=\"false\">\n\t\t<\/span>\n\t\t<input type=\"hidden\" id=\"_wpnonce\" name=\"_wpnonce\" value=\"2a4e9a9946\" \/><input type=\"hidden\" name=\"_wp_http_referer\" value=\"\/de\/wp-json\/wp\/v2\/pages\/5631\" \/><\/span><input class=\"wpcf7-form-control wpcf7-submit has-spinner\" type=\"submit\" value=\"Senden\" \/><br \/>\n*Der Verantwortliche f\u00fcr die Verarbeitung Ihrer pers\u00f6nlichen Daten, die Sie im Kontaktformular angeben, ist Ralco Technic Sp. z o.o., ans\u00e4ssig in Warschau, Al. Jerozolimskich 200\/206, 02-486 Warschau. Die elektronische Adresse lautet: info @ ralco.pl. Ihre personenbezogenen Daten werden verarbeitet, um Ihre Nachricht zu beantworten und Ihre Anfragen zu bearbeiten. Vollst\u00e4ndige Informationen zur Verarbeitung Ihrer personenbezogenen Daten finden Sie in unserer Datenschutzerkl\u00e4rung auf unserer Website: https:\/\/ralcotechnic.com\/polityka-prywatnosci\/.\n<\/p><p style=\"display: none !important;\"><label>&#916;<textarea name=\"_wpcf7_ak_hp_textarea\" cols=\"45\" rows=\"8\" maxlength=\"100\"><\/textarea><\/label><input type=\"hidden\" id=\"ak_js_1\" name=\"_wpcf7_ak_js\" value=\"114\"\/><script>document.getElementById( \"ak_js_1\" ).setAttribute( \"value\", ( new Date() ).getTime() );<\/script><\/p><div class=\"wpcf7-response-output\" aria-hidden=\"true\"><\/div>\n<\/form>\n<\/div>\n[\/vc_column_text][\/vc_column][\/vc_row]\n","protected":false},"excerpt":{"rendered":"<p>[vc_row type=&#8221;full_width_background&#8221; full_screen_row_position=&#8221;middle&#8221; column_margin=&#8221;default&#8221; column_direction=&#8221;default&#8221; column_direction_tablet=&#8221;default&#8221; column_direction_phone=&#8221;default&#8221; scene_position=&#8221;center&#8221; top_padding=&#8221;5%&#8221; bottom_padding=&#8221;14%&#8221; text_color=&#8221;dark&#8221; text_align=&#8221;left&#8221; row_border_radius=&#8221;none&#8221; row_border_radius_applies=&#8221;bg&#8221; overlay_strength=&#8221;0.3&#8243; gradient_direction=&#8221;left_to_right&#8221; shape_divider_position=&#8221;bottom&#8221; bg_image_animation=&#8221;none&#8221; shape_type=&#8221;&#8221;][vc_column column_padding=&#8221;padding-2-percent&#8221; column_padding_tablet=&#8221;inherit&#8221; column_padding_phone=&#8221;inherit&#8221; column_padding_position=&#8221;right&#8221; background_color_opacity=&#8221;1&#8243; background_hover_color_opacity=&#8221;1&#8243;&#8230;<\/p>\n","protected":false},"author":1,"featured_media":0,"parent":0,"menu_order":0,"comment_status":"closed","ping_status":"closed","template":"","meta":[],"translation":{"provider":"WPGlobus","version":"2.12.2","language":"de","enabled_languages":["pl","de"],"languages":{"pl":{"title":true,"content":true,"excerpt":false},"de":{"title":true,"content":true,"excerpt":false}}},"acf":[],"yoast_head":"<!-- This site is optimized with the Yoast SEO Premium plugin v21.7 (Yoast SEO v21.7) - https:\/\/yoast.com\/wordpress\/plugins\/seo\/ -->\n<title>Kontakt - Ralco Technic GmbH<\/title>\n<meta name=\"robots\" content=\"noindex, follow, max-snippet:-1, max-image-preview:large, max-video-preview:-1\" \/>\n<meta property=\"og:locale\" content=\"de_DE\" \/>\n<meta property=\"og:type\" content=\"article\" \/>\n<meta property=\"og:title\" content=\"Kontakt - Ralco Technic GmbH\" \/>\n<meta property=\"og:url\" content=\"https:\/\/ralcotechnic.com\/kontakt\/\" \/>\n<meta property=\"og:site_name\" content=\"Ralco Technic GmbH\" \/>\n<meta property=\"article:publisher\" content=\"https:\/\/www.facebook.com\/ralcopl\/\" \/>\n<meta property=\"article:modified_time\" content=\"2023-07-06T14:43:17+00:00\" \/>\n<meta name=\"twitter:card\" content=\"summary_large_image\" \/>\n<meta name=\"twitter:label1\" content=\"Est. reading time\" \/>\n\t<meta name=\"twitter:data1\" content=\"1 minute\" \/>\n<script type=\"application\/ld+json\" class=\"yoast-schema-graph\">{\"@context\":\"https:\/\/schema.org\",\"@graph\":[{\"@type\":\"WebPage\",\"@id\":\"https:\/\/ralcotechnic.com\/kontakt\/\",\"url\":\"https:\/\/ralcotechnic.com\/kontakt\/\",\"name\":\"Kontakt - Ralco Technic GmbH\",\"isPartOf\":{\"@id\":\"https:\/\/ralcotechnic.com\/#website\"},\"datePublished\":\"2017-09-03T00:55:47+00:00\",\"dateModified\":\"2023-07-06T14:43:17+00:00\",\"breadcrumb\":{\"@id\":\"https:\/\/ralcotechnic.com\/kontakt\/#breadcrumb\"},\"inLanguage\":\"de-DE\",\"potentialAction\":[{\"@type\":\"ReadAction\",\"target\":[\"https:\/\/ralcotechnic.com\/kontakt\/\"]}]},{\"@type\":\"BreadcrumbList\",\"@id\":\"https:\/\/ralcotechnic.com\/kontakt\/#breadcrumb\",\"itemListElement\":[{\"@type\":\"ListItem\",\"position\":1,\"name\":\"Start\",\"item\":\"https:\/\/ralcotechnic.com\/\"},{\"@type\":\"ListItem\",\"position\":2,\"name\":\"Kontakt\"}]},{\"@type\":\"WebSite\",\"@id\":\"https:\/\/ralcotechnic.com\/#website\",\"url\":\"https:\/\/ralcotechnic.com\/\",\"name\":\"Ralco Technic GmbH\",\"description\":\"K\u00e4ltetechnik\",\"publisher\":{\"@id\":\"https:\/\/ralcotechnic.com\/#organization\"},\"potentialAction\":[{\"@type\":\"SearchAction\",\"target\":{\"@type\":\"EntryPoint\",\"urlTemplate\":\"https:\/\/ralcotechnic.com\/?s={search_term_string}\"},\"query-input\":\"required name=search_term_string\"}],\"inLanguage\":\"de-DE\"},{\"@type\":\"Organization\",\"@id\":\"https:\/\/ralcotechnic.com\/#organization\",\"name\":\"RALCO TECHNIC\",\"url\":\"https:\/\/ralcotechnic.com\/\",\"logo\":{\"@type\":\"ImageObject\",\"inLanguage\":\"de-DE\",\"@id\":\"https:\/\/ralcotechnic.com\/#\/schema\/logo\/image\/\",\"url\":\"https:\/\/ralcotechnic.com\/wp-content\/uploads\/2021\/11\/logo_ralco2021-100h.png\",\"contentUrl\":\"https:\/\/ralcotechnic.com\/wp-content\/uploads\/2021\/11\/logo_ralco2021-100h.png\",\"width\":250,\"height\":100,\"caption\":\"RALCO TECHNIC\"},\"image\":{\"@id\":\"https:\/\/ralcotechnic.com\/#\/schema\/logo\/image\/\"},\"sameAs\":[\"https:\/\/www.facebook.com\/ralcopl\/\"]}]}<\/script>\n<!-- \/ Yoast SEO Premium plugin. -->","yoast_head_json":{"title":"Kontakt - Ralco Technic GmbH","robots":{"index":"noindex","follow":"follow","max-snippet":"max-snippet:-1","max-image-preview":"max-image-preview:large","max-video-preview":"max-video-preview:-1"},"og_locale":"de_DE","og_type":"article","og_title":"Kontakt - Ralco Technic GmbH","og_url":"https:\/\/ralcotechnic.com\/kontakt\/","og_site_name":"Ralco Technic GmbH","article_publisher":"https:\/\/www.facebook.com\/ralcopl\/","article_modified_time":"2023-07-06T14:43:17+00:00","twitter_card":"summary_large_image","twitter_misc":{"Est. reading time":"1 minute"},"schema":{"@context":"https:\/\/schema.org","@graph":[{"@type":"WebPage","@id":"https:\/\/ralcotechnic.com\/kontakt\/","url":"https:\/\/ralcotechnic.com\/kontakt\/","name":"Kontakt - Ralco Technic GmbH","isPartOf":{"@id":"https:\/\/ralcotechnic.com\/#website"},"datePublished":"2017-09-03T00:55:47+00:00","dateModified":"2023-07-06T14:43:17+00:00","breadcrumb":{"@id":"https:\/\/ralcotechnic.com\/kontakt\/#breadcrumb"},"inLanguage":"de-DE","potentialAction":[{"@type":"ReadAction","target":["https:\/\/ralcotechnic.com\/kontakt\/"]}]},{"@type":"BreadcrumbList","@id":"https:\/\/ralcotechnic.com\/kontakt\/#breadcrumb","itemListElement":[{"@type":"ListItem","position":1,"name":"Start","item":"https:\/\/ralcotechnic.com\/"},{"@type":"ListItem","position":2,"name":"Kontakt"}]},{"@type":"WebSite","@id":"https:\/\/ralcotechnic.com\/#website","url":"https:\/\/ralcotechnic.com\/","name":"Ralco Technic GmbH","description":"K\u00e4ltetechnik","publisher":{"@id":"https:\/\/ralcotechnic.com\/#organization"},"potentialAction":[{"@type":"SearchAction","target":{"@type":"EntryPoint","urlTemplate":"https:\/\/ralcotechnic.com\/?s={search_term_string}"},"query-input":"required name=search_term_string"}],"inLanguage":"de-DE"},{"@type":"Organization","@id":"https:\/\/ralcotechnic.com\/#organization","name":"RALCO TECHNIC","url":"https:\/\/ralcotechnic.com\/","logo":{"@type":"ImageObject","inLanguage":"de-DE","@id":"https:\/\/ralcotechnic.com\/#\/schema\/logo\/image\/","url":"https:\/\/ralcotechnic.com\/wp-content\/uploads\/2021\/11\/logo_ralco2021-100h.png","contentUrl":"https:\/\/ralcotechnic.com\/wp-content\/uploads\/2021\/11\/logo_ralco2021-100h.png","width":250,"height":100,"caption":"RALCO TECHNIC"},"image":{"@id":"https:\/\/ralcotechnic.com\/#\/schema\/logo\/image\/"},"sameAs":["https:\/\/www.facebook.com\/ralcopl\/"]}]}},"_links":{"self":[{"href":"https:\/\/ralcotechnic.com\/de\/wp-json\/wp\/v2\/pages\/5631"}],"collection":[{"href":"https:\/\/ralcotechnic.com\/de\/wp-json\/wp\/v2\/pages"}],"about":[{"href":"https:\/\/ralcotechnic.com\/de\/wp-json\/wp\/v2\/types\/page"}],"author":[{"embeddable":true,"href":"https:\/\/ralcotechnic.com\/de\/wp-json\/wp\/v2\/users\/1"}],"replies":[{"embeddable":true,"href":"https:\/\/ralcotechnic.com\/de\/wp-json\/wp\/v2\/comments?post=5631"}],"version-history":[{"count":18,"href":"https:\/\/ralcotechnic.com\/de\/wp-json\/wp\/v2\/pages\/5631\/revisions"}],"predecessor-version":[{"id":7228,"href":"https:\/\/ralcotechnic.com\/de\/wp-json\/wp\/v2\/pages\/5631\/revisions\/7228"}],"wp:attachment":[{"href":"https:\/\/ralcotechnic.com\/de\/wp-json\/wp\/v2\/media?parent=5631"}],"curies":[{"name":"wp","href":"https:\/\/api.w.org\/{rel}","templated":true}]}}